{"id":5087,"date":"2026-04-02T17:00:11","date_gmt":"2026-04-02T15:00:11","guid":{"rendered":"https:\/\/tetrafyllo.com\/?post_type=product&#038;p=5087"},"modified":"2026-04-04T14:52:58","modified_gmt":"2026-04-04T12:52:58","slug":"egeo","status":"publish","type":"product","link":"https:\/\/tetrafyllo.com\/es\/product\/egeo\/","title":{"rendered":"Mar Egeo"},"content":{"rendered":"","protected":false},"excerpt":{"rendered":"<p class=\"ds-markdown-paragraph\"><strong>Pendientes con forma de ojo.<\/strong><br \/>\nUn s\u00edmbolo de protecci\u00f3n transformado en un accesorio elegante, perfecto para llevar desde la ma\u00f1ana hasta la noche con tus looks de verano.<\/p>\n<p class=\"ds-markdown-paragraph\"><strong>Materiales:<\/strong> Plata de ley 925 ba\u00f1ada en oro, impresi\u00f3n sobre pl\u00e1stico reciclado, resina UV, circonita, \u00e1gata<\/p>\n<p class=\"ds-markdown-paragraph\"><strong>Ancho:<\/strong> 1,8 cm<br \/>\n<strong>Alto:<\/strong> 1 cm<\/p>\n<p class=\"ds-markdown-paragraph\">Las piedras semipreciosas son naturales y delicadas. Evita el contacto con perfumes, lociones y agua para preservar su belleza.<\/p>\n<p class=\"ds-markdown-paragraph\">Hago todo lo posible para que las fotos y las descripciones sean lo m\u00e1s realistas posible; sin embargo, la pieza real puede diferir ligeramente de lo que se muestra en tu pantalla.<\/p>\n","protected":false},"featured_media":4543,"comment_status":"open","ping_status":"closed","template":"","meta":{"site-sidebar-layout":"default","site-content-layout":"","ast-site-content-layout":"default","site-content-style":"default","site-sidebar-style":"default","ast-global-header-display":"","ast-banner-title-visibility":"","ast-main-header-display":"","ast-hfb-above-header-display":"","ast-hfb-below-header-display":"","ast-hfb-mobile-header-display":"","site-post-title":"","ast-breadcrumbs-content":"","ast-featured-img":"","footer-sml-layout":"","theme-transparent-header-meta":"default","adv-header-id-meta":"","stick-header-meta":"","header-above-stick-meta":"","header-main-stick-meta":"","header-below-stick-meta":"","astra-migrate-meta-layouts":"set","ast-page-background-enabled":"default","ast-page-background-meta":{"desktop":{"background-color":"var(--ast-global-color-4)","background-image":"","background-repeat":"repeat","background-position":"center center","background-size":"auto","background-attachment":"scroll","background-type":"","background-media":"","overlay-type":"","overlay-color":"","overlay-opacity":"","overlay-gradient":""},"tablet":{"background-color":"","background-image":"","background-repeat":"repeat","background-position":"center center","background-size":"auto","background-attachment":"scroll","background-type":"","background-media":"","overlay-type":"","overlay-color":"","overlay-opacity":"","overlay-gradient":""},"mobile":{"background-color":"","background-image":"","background-repeat":"repeat","background-position":"center center","background-size":"auto","background-attachment":"scroll","background-type":"","background-media":"","overlay-type":"","overlay-color":"","overlay-opacity":"","overlay-gradient":""}},"ast-content-background-meta":{"desktop":{"background-color":"var(--ast-global-color-5)","background-image":"","background-repeat":"repeat","background-position":"center center","background-size":"auto","background-attachment":"scroll","background-type":"","background-media":"","overlay-type":"","overlay-color":"","overlay-opacity":"","overlay-gradient":""},"tablet":{"background-color":"var(--ast-global-color-5)","background-image":"","background-repeat":"repeat","background-position":"center center","background-size":"auto","background-attachment":"scroll","background-type":"","background-media":"","overlay-type":"","overlay-color":"","overlay-opacity":"","overlay-gradient":""},"mobile":{"background-color":"var(--ast-global-color-5)","background-image":"","background-repeat":"repeat","background-position":"center center","background-size":"auto","background-attachment":"scroll","background-type":"","background-media":"","overlay-type":"","overlay-color":"","overlay-opacity":"","overlay-gradient":""}}},"product_brand":[],"product_cat":[308],"product_tag":[325,328,329,327,326],"class_list":{"0":"post-5087","1":"product","2":"type-product","3":"status-publish","4":"has-post-thumbnail","6":"product_cat-through-my-eyes","7":"product_tag-agata","8":"product_tag-azul","9":"product_tag-ojo","10":"product_tag-pendientes","11":"product_tag-plata","12":"desktop-align-left","13":"tablet-align-left","14":"mobile-align-left","16":"first","17":"outofstock","18":"shipping-taxable","19":"purchasable","20":"product-type-simple"},"_links":{"self":[{"href":"https:\/\/tetrafyllo.com\/es\/wp-json\/wp\/v2\/product\/5087","targetHints":{"allow":["GET"]}}],"collection":[{"href":"https:\/\/tetrafyllo.com\/es\/wp-json\/wp\/v2\/product"}],"about":[{"href":"https:\/\/tetrafyllo.com\/es\/wp-json\/wp\/v2\/types\/product"}],"replies":[{"embeddable":true,"href":"https:\/\/tetrafyllo.com\/es\/wp-json\/wp\/v2\/comments?post=5087"}],"wp:featuredmedia":[{"embeddable":true,"href":"https:\/\/tetrafyllo.com\/es\/wp-json\/wp\/v2\/media\/4543"}],"wp:attachment":[{"href":"https:\/\/tetrafyllo.com\/es\/wp-json\/wp\/v2\/media?parent=5087"}],"wp:term":[{"taxonomy":"product_brand","embeddable":true,"href":"https:\/\/tetrafyllo.com\/es\/wp-json\/wp\/v2\/product_brand?post=5087"},{"taxonomy":"product_cat","embeddable":true,"href":"https:\/\/tetrafyllo.com\/es\/wp-json\/wp\/v2\/product_cat?post=5087"},{"taxonomy":"product_tag","embeddable":true,"href":"https:\/\/tetrafyllo.com\/es\/wp-json\/wp\/v2\/product_tag?post=5087"}],"curies":[{"name":"wp","href":"https:\/\/api.w.org\/{rel}","templated":true}]}}