{"id":5090,"date":"2026-04-02T17:18:21","date_gmt":"2026-04-02T15:18:21","guid":{"rendered":"https:\/\/tetrafyllo.com\/?post_type=product&#038;p=5090"},"modified":"2026-04-04T15:01:51","modified_gmt":"2026-04-04T13:01:51","slug":"eros-2","status":"publish","type":"product","link":"https:\/\/tetrafyllo.com\/es\/product\/eros-2\/","title":{"rendered":"Eros"},"content":{"rendered":"","protected":false},"excerpt":{"rendered":"<p class=\"ds-markdown-paragraph\"><strong>Pendientes rom\u00e1nticos en forma de coraz\u00f3n.<\/strong><\/p>\n<p class=\"ds-markdown-paragraph\"><strong>Materiales:<\/strong> Plata de ley 925 ba\u00f1ada en oro, impresi\u00f3n sobre pl\u00e1stico reciclado, resina UV, perla, circonita<\/p>\n<p class=\"ds-markdown-paragraph\"><strong>Cierre:<\/strong> Mariposa<\/p>\n<p class=\"ds-markdown-paragraph\"><strong>Ancho:<\/strong> 1,5 cm<br \/>\n<strong>Alto:<\/strong> 4,5 cm<\/p>\n<p class=\"ds-markdown-paragraph\">Las piedras semipreciosas son naturales y delicadas. Evita el contacto con perfumes, lociones y agua para preservar su belleza.<\/p>\n<p class=\"ds-markdown-paragraph\">Hago todo lo posible para que las fotos y las descripciones sean lo m\u00e1s realistas posible; sin embargo, la pieza real puede diferir ligeramente de lo que se muestra en tu pantalla.<\/p>\n","protected":false},"featured_media":4548,"comment_status":"open","ping_status":"closed","template":"","meta":{"site-sidebar-layout":"default","site-content-layout":"","ast-site-content-layout":"default","site-content-style":"default","site-sidebar-style":"default","ast-global-header-display":"","ast-banner-title-visibility":"","ast-main-header-display":"","ast-hfb-above-header-display":"","ast-hfb-below-header-display":"","ast-hfb-mobile-header-display":"","site-post-title":"","ast-breadcrumbs-content":"","ast-featured-img":"","footer-sml-layout":"","theme-transparent-header-meta":"default","adv-header-id-meta":"","stick-header-meta":"","header-above-stick-meta":"","header-main-stick-meta":"","header-below-stick-meta":"","astra-migrate-meta-layouts":"set","ast-page-background-enabled":"default","ast-page-background-meta":{"desktop":{"background-color":"var(--ast-global-color-4)","background-image":"","background-repeat":"repeat","background-position":"center center","background-size":"auto","background-attachment":"scroll","background-type":"","background-media":"","overlay-type":"","overlay-color":"","overlay-opacity":"","overlay-gradient":""},"tablet":{"background-color":"","background-image":"","background-repeat":"repeat","background-position":"center center","background-size":"auto","background-attachment":"scroll","background-type":"","background-media":"","overlay-type":"","overlay-color":"","overlay-opacity":"","overlay-gradient":""},"mobile":{"background-color":"","background-image":"","background-repeat":"repeat","background-position":"center center","background-size":"auto","background-attachment":"scroll","background-type":"","background-media":"","overlay-type":"","overlay-color":"","overlay-opacity":"","overlay-gradient":""}},"ast-content-background-meta":{"desktop":{"background-color":"var(--ast-global-color-5)","background-image":"","background-repeat":"repeat","background-position":"center center","background-size":"auto","background-attachment":"scroll","background-type":"","background-media":"","overlay-type":"","overlay-color":"","overlay-opacity":"","overlay-gradient":""},"tablet":{"background-color":"var(--ast-global-color-5)","background-image":"","background-repeat":"repeat","background-position":"center center","background-size":"auto","background-attachment":"scroll","background-type":"","background-media":"","overlay-type":"","overlay-color":"","overlay-opacity":"","overlay-gradient":""},"mobile":{"background-color":"var(--ast-global-color-5)","background-image":"","background-repeat":"repeat","background-position":"center center","background-size":"auto","background-attachment":"scroll","background-type":"","background-media":"","overlay-type":"","overlay-color":"","overlay-opacity":"","overlay-gradient":""}}},"product_brand":[],"product_cat":[308],"product_tag":[331,329,327,326,332],"class_list":{"0":"post-5090","1":"product","2":"type-product","3":"status-publish","4":"has-post-thumbnail","6":"product_cat-through-my-eyes","7":"product_tag-corazon","8":"product_tag-ojo","9":"product_tag-pendientes","10":"product_tag-plata","11":"product_tag-rosa","12":"desktop-align-left","13":"tablet-align-left","14":"mobile-align-left","16":"first","17":"instock","18":"shipping-taxable","19":"purchasable","20":"product-type-simple"},"_links":{"self":[{"href":"https:\/\/tetrafyllo.com\/es\/wp-json\/wp\/v2\/product\/5090","targetHints":{"allow":["GET"]}}],"collection":[{"href":"https:\/\/tetrafyllo.com\/es\/wp-json\/wp\/v2\/product"}],"about":[{"href":"https:\/\/tetrafyllo.com\/es\/wp-json\/wp\/v2\/types\/product"}],"replies":[{"embeddable":true,"href":"https:\/\/tetrafyllo.com\/es\/wp-json\/wp\/v2\/comments?post=5090"}],"wp:featuredmedia":[{"embeddable":true,"href":"https:\/\/tetrafyllo.com\/es\/wp-json\/wp\/v2\/media\/4548"}],"wp:attachment":[{"href":"https:\/\/tetrafyllo.com\/es\/wp-json\/wp\/v2\/media?parent=5090"}],"wp:term":[{"taxonomy":"product_brand","embeddable":true,"href":"https:\/\/tetrafyllo.com\/es\/wp-json\/wp\/v2\/product_brand?post=5090"},{"taxonomy":"product_cat","embeddable":true,"href":"https:\/\/tetrafyllo.com\/es\/wp-json\/wp\/v2\/product_cat?post=5090"},{"taxonomy":"product_tag","embeddable":true,"href":"https:\/\/tetrafyllo.com\/es\/wp-json\/wp\/v2\/product_tag?post=5090"}],"curies":[{"name":"wp","href":"https:\/\/api.w.org\/{rel}","templated":true}]}}