{"id":5100,"date":"2026-04-03T10:23:01","date_gmt":"2026-04-03T08:23:01","guid":{"rendered":"https:\/\/tetrafyllo.com\/?post_type=product&#038;p=5100"},"modified":"2026-04-04T15:07:42","modified_gmt":"2026-04-04T13:07:42","slug":"sueno-de-verano","status":"publish","type":"product","link":"https:\/\/tetrafyllo.com\/es\/product\/sueno-de-verano\/","title":{"rendered":"Sue\u00f1o de Verano"},"content":{"rendered":"","protected":false},"excerpt":{"rendered":"<p class=\"ds-markdown-paragraph\"><strong>Materiales:<\/strong> Piedras genuinas de amazonita, cierre de langosta de plata 925, cord\u00f3n nudo a nudo<\/p>\n<p class=\"ds-markdown-paragraph\"><strong>Largo:<\/strong> 50 cm<\/p>\n<p class=\"ds-markdown-paragraph\"><strong>Peso:<\/strong> 215 g<\/p>\n<p class=\"ds-markdown-paragraph\"><strong>Tama\u00f1o de las piedras:<\/strong> 30 mm x 50 mm<\/p>\n<p class=\"ds-markdown-paragraph\"><strong>Detalles adicionales y cuidado:<\/strong><\/p>\n<p class=\"ds-markdown-paragraph\">Las piedras est\u00e1n dispuestas en un patr\u00f3n graduado, aumentando de tama\u00f1o hacia el centro: comienzan en 1,7 cm en la parte trasera y alcanzan hasta 5 cm en la piedra central.<\/p>\n<p class=\"ds-markdown-paragraph\">Las piedras semipreciosas son naturales y delicadas. Evita el contacto con perfumes, lociones y agua para preservar su belleza.<\/p>\n<p class=\"ds-markdown-paragraph\">Hago todo lo posible para que las fotos y las descripciones sean lo m\u00e1s realistas posible; sin embargo, la pieza real puede diferir ligeramente de lo que se muestra en tu pantalla.<\/p>\n","protected":false},"featured_media":4554,"comment_status":"open","ping_status":"closed","template":"","meta":{"site-sidebar-layout":"default","site-content-layout":"","ast-site-content-layout":"default","site-content-style":"default","site-sidebar-style":"default","ast-global-header-display":"","ast-banner-title-visibility":"","ast-main-header-display":"","ast-hfb-above-header-display":"","ast-hfb-below-header-display":"","ast-hfb-mobile-header-display":"","site-post-title":"","ast-breadcrumbs-content":"","ast-featured-img":"","footer-sml-layout":"","theme-transparent-header-meta":"default","adv-header-id-meta":"","stick-header-meta":"","header-above-stick-meta":"","header-main-stick-meta":"","header-below-stick-meta":"","astra-migrate-meta-layouts":"set","ast-page-background-enabled":"default","ast-page-background-meta":{"desktop":{"background-color":"var(--ast-global-color-4)","background-image":"","background-repeat":"repeat","background-position":"center center","background-size":"auto","background-attachment":"scroll","background-type":"","background-media":"","overlay-type":"","overlay-color":"","overlay-opacity":"","overlay-gradient":""},"tablet":{"background-color":"","background-image":"","background-repeat":"repeat","background-position":"center center","background-size":"auto","background-attachment":"scroll","background-type":"","background-media":"","overlay-type":"","overlay-color":"","overlay-opacity":"","overlay-gradient":""},"mobile":{"background-color":"","background-image":"","background-repeat":"repeat","background-position":"center center","background-size":"auto","background-attachment":"scroll","background-type":"","background-media":"","overlay-type":"","overlay-color":"","overlay-opacity":"","overlay-gradient":""}},"ast-content-background-meta":{"desktop":{"background-color":"var(--ast-global-color-5)","background-image":"","background-repeat":"repeat","background-position":"center center","background-size":"auto","background-attachment":"scroll","background-type":"","background-media":"","overlay-type":"","overlay-color":"","overlay-opacity":"","overlay-gradient":""},"tablet":{"background-color":"var(--ast-global-color-5)","background-image":"","background-repeat":"repeat","background-position":"center center","background-size":"auto","background-attachment":"scroll","background-type":"","background-media":"","overlay-type":"","overlay-color":"","overlay-opacity":"","overlay-gradient":""},"mobile":{"background-color":"var(--ast-global-color-5)","background-image":"","background-repeat":"repeat","background-position":"center center","background-size":"auto","background-attachment":"scroll","background-type":"","background-media":"","overlay-type":"","overlay-color":"","overlay-opacity":"","overlay-gradient":""}}},"product_brand":[],"product_cat":[197],"product_tag":[325,322,333],"class_list":{"0":"post-5100","1":"product","2":"type-product","3":"status-publish","4":"has-post-thumbnail","6":"product_cat-throughmyeyes","7":"product_tag-agata","8":"product_tag-collar","9":"product_tag-semipreciosas-piedras","10":"desktop-align-left","11":"tablet-align-left","12":"mobile-align-left","14":"first","15":"instock","16":"shipping-taxable","17":"purchasable","18":"product-type-simple"},"_links":{"self":[{"href":"https:\/\/tetrafyllo.com\/es\/wp-json\/wp\/v2\/product\/5100","targetHints":{"allow":["GET"]}}],"collection":[{"href":"https:\/\/tetrafyllo.com\/es\/wp-json\/wp\/v2\/product"}],"about":[{"href":"https:\/\/tetrafyllo.com\/es\/wp-json\/wp\/v2\/types\/product"}],"replies":[{"embeddable":true,"href":"https:\/\/tetrafyllo.com\/es\/wp-json\/wp\/v2\/comments?post=5100"}],"wp:featuredmedia":[{"embeddable":true,"href":"https:\/\/tetrafyllo.com\/es\/wp-json\/wp\/v2\/media\/4554"}],"wp:attachment":[{"href":"https:\/\/tetrafyllo.com\/es\/wp-json\/wp\/v2\/media?parent=5100"}],"wp:term":[{"taxonomy":"product_brand","embeddable":true,"href":"https:\/\/tetrafyllo.com\/es\/wp-json\/wp\/v2\/product_brand?post=5100"},{"taxonomy":"product_cat","embeddable":true,"href":"https:\/\/tetrafyllo.com\/es\/wp-json\/wp\/v2\/product_cat?post=5100"},{"taxonomy":"product_tag","embeddable":true,"href":"https:\/\/tetrafyllo.com\/es\/wp-json\/wp\/v2\/product_tag?post=5100"}],"curies":[{"name":"wp","href":"https:\/\/api.w.org\/{rel}","templated":true}]}}