{"id":5115,"date":"2026-04-04T15:23:45","date_gmt":"2026-04-04T13:23:45","guid":{"rendered":"https:\/\/tetrafyllo.com\/?post_type=product&#038;p=5115"},"modified":"2026-04-04T15:26:58","modified_gmt":"2026-04-04T13:26:58","slug":"afrodita","status":"publish","type":"product","link":"https:\/\/tetrafyllo.com\/es\/product\/afrodita\/","title":{"rendered":"Afrodita"},"content":{"rendered":"","protected":false},"excerpt":{"rendered":"<p class=\"ds-markdown-paragraph\"><strong>Materiales:<\/strong> \u00c1gata, cierre de gancho y cadena de extensi\u00f3n 925<\/p>\n<p class=\"ds-markdown-paragraph\"><strong>Detalles:<\/strong><\/p>\n<p class=\"ds-markdown-paragraph\">Largo: 49 cm<\/p>\n<p class=\"ds-markdown-paragraph\">Peso: 187 g<\/p>\n<p class=\"ds-markdown-paragraph\">Tama\u00f1o de las piedras: 30\u201335 mm x 40\u201345 mm<\/p>\n<p class=\"ds-markdown-paragraph\"><strong>Instrucciones de cuidado:<\/strong><br \/>\nLas piedras semipreciosas son naturales y delicadas. Evita el contacto con perfumes, lociones y agua para preservar su belleza.<\/p>\n<p class=\"ds-markdown-paragraph\"><strong>Nota:<\/strong> Debido a la singularidad del \u00e1gata, tu pieza puede diferir ligeramente en patr\u00f3n y tono respecto a las fotograf\u00edas.<\/p>\n","protected":false},"featured_media":4569,"comment_status":"open","ping_status":"closed","template":"","meta":{"site-sidebar-layout":"default","site-content-layout":"","ast-site-content-layout":"default","site-content-style":"default","site-sidebar-style":"default","ast-global-header-display":"","ast-banner-title-visibility":"","ast-main-header-display":"","ast-hfb-above-header-display":"","ast-hfb-below-header-display":"","ast-hfb-mobile-header-display":"","site-post-title":"","ast-breadcrumbs-content":"","ast-featured-img":"","footer-sml-layout":"","theme-transparent-header-meta":"default","adv-header-id-meta":"","stick-header-meta":"","header-above-stick-meta":"","header-main-stick-meta":"","header-below-stick-meta":"","astra-migrate-meta-layouts":"set","ast-page-background-enabled":"default","ast-page-background-meta":{"desktop":{"background-color":"var(--ast-global-color-4)","background-image":"","background-repeat":"repeat","background-position":"center center","background-size":"auto","background-attachment":"scroll","background-type":"","background-media":"","overlay-type":"","overlay-color":"","overlay-opacity":"","overlay-gradient":""},"tablet":{"background-color":"","background-image":"","background-repeat":"repeat","background-position":"center center","background-size":"auto","background-attachment":"scroll","background-type":"","background-media":"","overlay-type":"","overlay-color":"","overlay-opacity":"","overlay-gradient":""},"mobile":{"background-color":"","background-image":"","background-repeat":"repeat","background-position":"center center","background-size":"auto","background-attachment":"scroll","background-type":"","background-media":"","overlay-type":"","overlay-color":"","overlay-opacity":"","overlay-gradient":""}},"ast-content-background-meta":{"desktop":{"background-color":"var(--ast-global-color-5)","background-image":"","background-repeat":"repeat","background-position":"center center","background-size":"auto","background-attachment":"scroll","background-type":"","background-media":"","overlay-type":"","overlay-color":"","overlay-opacity":"","overlay-gradient":""},"tablet":{"background-color":"var(--ast-global-color-5)","background-image":"","background-repeat":"repeat","background-position":"center center","background-size":"auto","background-attachment":"scroll","background-type":"","background-media":"","overlay-type":"","overlay-color":"","overlay-opacity":"","overlay-gradient":""},"mobile":{"background-color":"var(--ast-global-color-5)","background-image":"","background-repeat":"repeat","background-position":"center center","background-size":"auto","background-attachment":"scroll","background-type":"","background-media":"","overlay-type":"","overlay-color":"","overlay-opacity":"","overlay-gradient":""}}},"product_brand":[],"product_cat":[307],"product_tag":[325,322,341,332],"class_list":{"0":"post-5115","1":"product","2":"type-product","3":"status-publish","4":"has-post-thumbnail","6":"product_cat-mamanature","7":"product_tag-agata","8":"product_tag-collar","9":"product_tag-piedras-semipreciosas","10":"product_tag-rosa","11":"desktop-align-left","12":"tablet-align-left","13":"mobile-align-left","15":"first","16":"instock","17":"shipping-taxable","18":"purchasable","19":"product-type-simple"},"_links":{"self":[{"href":"https:\/\/tetrafyllo.com\/es\/wp-json\/wp\/v2\/product\/5115","targetHints":{"allow":["GET"]}}],"collection":[{"href":"https:\/\/tetrafyllo.com\/es\/wp-json\/wp\/v2\/product"}],"about":[{"href":"https:\/\/tetrafyllo.com\/es\/wp-json\/wp\/v2\/types\/product"}],"replies":[{"embeddable":true,"href":"https:\/\/tetrafyllo.com\/es\/wp-json\/wp\/v2\/comments?post=5115"}],"wp:featuredmedia":[{"embeddable":true,"href":"https:\/\/tetrafyllo.com\/es\/wp-json\/wp\/v2\/media\/4569"}],"wp:attachment":[{"href":"https:\/\/tetrafyllo.com\/es\/wp-json\/wp\/v2\/media?parent=5115"}],"wp:term":[{"taxonomy":"product_brand","embeddable":true,"href":"https:\/\/tetrafyllo.com\/es\/wp-json\/wp\/v2\/product_brand?post=5115"},{"taxonomy":"product_cat","embeddable":true,"href":"https:\/\/tetrafyllo.com\/es\/wp-json\/wp\/v2\/product_cat?post=5115"},{"taxonomy":"product_tag","embeddable":true,"href":"https:\/\/tetrafyllo.com\/es\/wp-json\/wp\/v2\/product_tag?post=5115"}],"curies":[{"name":"wp","href":"https:\/\/api.w.org\/{rel}","templated":true}]}}