{"id":6498,"date":"2026-04-28T14:35:58","date_gmt":"2026-04-28T12:35:58","guid":{"rendered":"https:\/\/tetrafyllo.com\/?post_type=product&#038;p=6498"},"modified":"2026-04-29T13:26:55","modified_gmt":"2026-04-29T11:26:55","slug":"rixi","status":"publish","type":"product","link":"https:\/\/tetrafyllo.com\/es\/product\/rixi\/","title":{"rendered":"Rixi"},"content":{"rendered":"","protected":false},"excerpt":{"rendered":"<h5>Rixi<\/h5>\n<h5>el momento en que todo cambia<\/h5>\n<p>&nbsp;<\/p>\n<p class=\"ds-markdown-paragraph\">Material: plata 925 ba\u00f1ada en oro<br \/>\nPiedra: agata verde<br \/>\nTalla: 55<\/p>\n<p>&nbsp;<\/p>\n<p class=\"ds-markdown-paragraph\">+Anillo hecho completamente a mano. Para pedidos en una talla diferente a la de la imagen, tenga en cuenta que ser\u00e1 diferente, ya que cada pieza es \u00fanica.<\/p>\n<p class=\"ds-markdown-paragraph\">+Las fotograf\u00edas no han sido sometidas a ning\u00fan tipo de edici\u00f3n. Var\u00edan seg\u00fan la iluminaci\u00f3n natural del momento.<\/p>\n","protected":false},"featured_media":6771,"comment_status":"open","ping_status":"closed","template":"","meta":{"site-sidebar-layout":"default","site-content-layout":"","ast-site-content-layout":"default","site-content-style":"default","site-sidebar-style":"default","ast-global-header-display":"","ast-banner-title-visibility":"","ast-main-header-display":"","ast-hfb-above-header-display":"","ast-hfb-below-header-display":"","ast-hfb-mobile-header-display":"","site-post-title":"","ast-breadcrumbs-content":"","ast-featured-img":"","footer-sml-layout":"","ast-disable-related-posts":"","theme-transparent-header-meta":"default","adv-header-id-meta":"","stick-header-meta":"","header-above-stick-meta":"","header-main-stick-meta":"","header-below-stick-meta":"","astra-migrate-meta-layouts":"set","ast-page-background-enabled":"default","ast-page-background-meta":{"desktop":{"background-color":"var(--ast-global-color-4)","background-image":"","background-repeat":"repeat","background-position":"center center","background-size":"auto","background-attachment":"scroll","background-type":"","background-media":"","overlay-type":"","overlay-color":"","overlay-opacity":"","overlay-gradient":""},"tablet":{"background-color":"","background-image":"","background-repeat":"repeat","background-position":"center center","background-size":"auto","background-attachment":"scroll","background-type":"","background-media":"","overlay-type":"","overlay-color":"","overlay-opacity":"","overlay-gradient":""},"mobile":{"background-color":"","background-image":"","background-repeat":"repeat","background-position":"center center","background-size":"auto","background-attachment":"scroll","background-type":"","background-media":"","overlay-type":"","overlay-color":"","overlay-opacity":"","overlay-gradient":""}},"ast-content-background-meta":{"desktop":{"background-color":"var(--ast-global-color-5)","background-image":"","background-repeat":"repeat","background-position":"center center","background-size":"auto","background-attachment":"scroll","background-type":"","background-media":"","overlay-type":"","overlay-color":"","overlay-opacity":"","overlay-gradient":""},"tablet":{"background-color":"var(--ast-global-color-5)","background-image":"","background-repeat":"repeat","background-position":"center center","background-size":"auto","background-attachment":"scroll","background-type":"","background-media":"","overlay-type":"","overlay-color":"","overlay-opacity":"","overlay-gradient":""},"mobile":{"background-color":"var(--ast-global-color-5)","background-image":"","background-repeat":"repeat","background-position":"center center","background-size":"auto","background-attachment":"scroll","background-type":"","background-media":"","overlay-type":"","overlay-color":"","overlay-opacity":"","overlay-gradient":""}}},"product_brand":[],"product_cat":[357],"product_tag":[325,363,341,364],"class_list":{"0":"post-6498","1":"product","2":"type-product","3":"status-publish","4":"has-post-thumbnail","6":"product_cat-endo","7":"product_tag-agata","8":"product_tag-anillo","9":"product_tag-piedras-semipreciosas","10":"product_tag-plata-925","11":"desktop-align-left","12":"tablet-align-left","13":"mobile-align-left","15":"first","16":"instock","17":"shipping-taxable","18":"purchasable","19":"product-type-variable"},"yoast_head":"<!-- This site is optimized with the Yoast SEO plugin v27.6 - https:\/\/yoast.com\/product\/yoast-seo-wordpress\/ -->\n<title>Rixi - Tetrafyllo<\/title>\n<meta name=\"robots\" content=\"index, follow, max-snippet:-1, max-image-preview:large, max-video-preview:-1\" \/>\n<link rel=\"canonical\" href=\"https:\/\/tetrafyllo.com\/es\/product\/rixi\/\" \/>\n<meta property=\"og:locale\" content=\"es_ES\" \/>\n<meta property=\"og:type\" content=\"article\" \/>\n<meta property=\"og:title\" content=\"Rixi - Tetrafyllo\" \/>\n<meta property=\"og:description\" content=\"Rixi el momento en que todo cambia &nbsp; Material: plata 925 ba\u00f1ada en oro Piedra: agata verde Talla: 55 &nbsp; +Anillo hecho completamente a mano. Para pedidos en una talla diferente a la de la imagen, tenga en cuenta que ser\u00e1 diferente, ya que cada pieza es \u00fanica. +Las fotograf\u00edas no han sido sometidas a ning\u00fan tipo de edici\u00f3n. Var\u00edan seg\u00fan la iluminaci\u00f3n natural del momento.\" \/>\n<meta property=\"og:url\" content=\"https:\/\/tetrafyllo.com\/es\/product\/rixi\/\" \/>\n<meta property=\"og:site_name\" content=\"Tetrafyllo\" \/>\n<meta property=\"article:modified_time\" content=\"2026-04-29T11:26:55+00:00\" \/>\n<meta name=\"twitter:card\" content=\"summary_large_image\" \/>\n<meta name=\"twitter:label1\" content=\"Tiempo de lectura\" \/>\n\t<meta name=\"twitter:data1\" content=\"1 minuto\" \/>\n<script type=\"application\/ld+json\" class=\"yoast-schema-graph\">{\"@context\":\"https:\\\/\\\/schema.org\",\"@graph\":[{\"@type\":\"WebPage\",\"@id\":\"https:\\\/\\\/tetrafyllo.com\\\/es\\\/product\\\/rixi\\\/\",\"url\":\"https:\\\/\\\/tetrafyllo.com\\\/es\\\/product\\\/rixi\\\/\",\"name\":\"Rixi - Tetrafyllo\",\"isPartOf\":{\"@id\":\"https:\\\/\\\/tetrafyllo.com\\\/es\\\/#website\"},\"primaryImageOfPage\":{\"@id\":\"https:\\\/\\\/tetrafyllo.com\\\/es\\\/product\\\/rixi\\\/#primaryimage\"},\"image\":{\"@id\":\"https:\\\/\\\/tetrafyllo.com\\\/es\\\/product\\\/rixi\\\/#primaryimage\"},\"thumbnailUrl\":\"https:\\\/\\\/tetrafyllo.com\\\/wp-content\\\/uploads\\\/2026\\\/04\\\/IMG_7433-\u03b1\u03bd\u03c4\u03af\u03b3\u03c1\u03b1\u03c6\u03bf.heic\",\"datePublished\":\"2026-04-28T12:35:58+00:00\",\"dateModified\":\"2026-04-29T11:26:55+00:00\",\"breadcrumb\":{\"@id\":\"https:\\\/\\\/tetrafyllo.com\\\/es\\\/product\\\/rixi\\\/#breadcrumb\"},\"inLanguage\":\"es\",\"potentialAction\":[{\"@type\":\"ReadAction\",\"target\":[\"https:\\\/\\\/tetrafyllo.com\\\/es\\\/product\\\/rixi\\\/\"]}]},{\"@type\":\"ImageObject\",\"inLanguage\":\"es\",\"@id\":\"https:\\\/\\\/tetrafyllo.com\\\/es\\\/product\\\/rixi\\\/#primaryimage\",\"url\":\"https:\\\/\\\/tetrafyllo.com\\\/wp-content\\\/uploads\\\/2026\\\/04\\\/IMG_7433-\u03b1\u03bd\u03c4\u03af\u03b3\u03c1\u03b1\u03c6\u03bf.heic\",\"contentUrl\":\"https:\\\/\\\/tetrafyllo.com\\\/wp-content\\\/uploads\\\/2026\\\/04\\\/IMG_7433-\u03b1\u03bd\u03c4\u03af\u03b3\u03c1\u03b1\u03c6\u03bf.heic\"},{\"@type\":\"BreadcrumbList\",\"@id\":\"https:\\\/\\\/tetrafyllo.com\\\/es\\\/product\\\/rixi\\\/#breadcrumb\",\"itemListElement\":[{\"@type\":\"ListItem\",\"position\":1,\"name\":\"\u0391\u03c1\u03c7\u03b9\u03ba\u03ae\",\"item\":\"https:\\\/\\\/tetrafyllo.com\\\/es\\\/\"},{\"@type\":\"ListItem\",\"position\":2,\"name\":\"\u039a\u03b1\u03c4\u03ac\u03c3\u03c4\u03b7\u03bc\u03b1\",\"item\":\"https:\\\/\\\/tetrafyllo.com\\\/%ce%ba%ce%b1%cf%84%ce%ac%cf%83%cf%84%ce%b7%ce%bc%ce%b1\\\/\"},{\"@type\":\"ListItem\",\"position\":3,\"name\":\"Rixi\"}]},{\"@type\":\"WebSite\",\"@id\":\"https:\\\/\\\/tetrafyllo.com\\\/es\\\/#website\",\"url\":\"https:\\\/\\\/tetrafyllo.com\\\/es\\\/\",\"name\":\"Tetrafyllo\",\"description\":\"Jewelry\",\"publisher\":{\"@id\":\"https:\\\/\\\/tetrafyllo.com\\\/es\\\/#organization\"},\"potentialAction\":[{\"@type\":\"SearchAction\",\"target\":{\"@type\":\"EntryPoint\",\"urlTemplate\":\"https:\\\/\\\/tetrafyllo.com\\\/es\\\/?s={search_term_string}\"},\"query-input\":{\"@type\":\"PropertyValueSpecification\",\"valueRequired\":true,\"valueName\":\"search_term_string\"}}],\"inLanguage\":\"es\"},{\"@type\":\"Organization\",\"@id\":\"https:\\\/\\\/tetrafyllo.com\\\/es\\\/#organization\",\"name\":\"Tetrafyllo\",\"url\":\"https:\\\/\\\/tetrafyllo.com\\\/es\\\/\",\"logo\":{\"@type\":\"ImageObject\",\"inLanguage\":\"es\",\"@id\":\"https:\\\/\\\/tetrafyllo.com\\\/es\\\/#\\\/schema\\\/logo\\\/image\\\/\",\"url\":\"https:\\\/\\\/tetrafyllo.com\\\/wp-content\\\/uploads\\\/2025\\\/08\\\/Photoroom_20250826_123537-e1756201068266.png\",\"contentUrl\":\"https:\\\/\\\/tetrafyllo.com\\\/wp-content\\\/uploads\\\/2025\\\/08\\\/Photoroom_20250826_123537-e1756201068266.png\",\"width\":940,\"height\":299,\"caption\":\"Tetrafyllo\"},\"image\":{\"@id\":\"https:\\\/\\\/tetrafyllo.com\\\/es\\\/#\\\/schema\\\/logo\\\/image\\\/\"}}]}<\/script>\n<!-- \/ Yoast SEO plugin. -->","yoast_head_json":{"title":"Rixi - Tetrafyllo","robots":{"index":"index","follow":"follow","max-snippet":"max-snippet:-1","max-image-preview":"max-image-preview:large","max-video-preview":"max-video-preview:-1"},"canonical":"https:\/\/tetrafyllo.com\/es\/product\/rixi\/","og_locale":"es_ES","og_type":"article","og_title":"Rixi - Tetrafyllo","og_description":"Rixi el momento en que todo cambia &nbsp; Material: plata 925 ba\u00f1ada en oro Piedra: agata verde Talla: 55 &nbsp; +Anillo hecho completamente a mano. Para pedidos en una talla diferente a la de la imagen, tenga en cuenta que ser\u00e1 diferente, ya que cada pieza es \u00fanica. +Las fotograf\u00edas no han sido sometidas a ning\u00fan tipo de edici\u00f3n. Var\u00edan seg\u00fan la iluminaci\u00f3n natural del momento.","og_url":"https:\/\/tetrafyllo.com\/es\/product\/rixi\/","og_site_name":"Tetrafyllo","article_modified_time":"2026-04-29T11:26:55+00:00","twitter_card":"summary_large_image","twitter_misc":{"Tiempo de lectura":"1 minuto"},"schema":{"@context":"https:\/\/schema.org","@graph":[{"@type":"WebPage","@id":"https:\/\/tetrafyllo.com\/es\/product\/rixi\/","url":"https:\/\/tetrafyllo.com\/es\/product\/rixi\/","name":"Rixi - Tetrafyllo","isPartOf":{"@id":"https:\/\/tetrafyllo.com\/es\/#website"},"primaryImageOfPage":{"@id":"https:\/\/tetrafyllo.com\/es\/product\/rixi\/#primaryimage"},"image":{"@id":"https:\/\/tetrafyllo.com\/es\/product\/rixi\/#primaryimage"},"thumbnailUrl":"https:\/\/tetrafyllo.com\/wp-content\/uploads\/2026\/04\/IMG_7433-\u03b1\u03bd\u03c4\u03af\u03b3\u03c1\u03b1\u03c6\u03bf.heic","datePublished":"2026-04-28T12:35:58+00:00","dateModified":"2026-04-29T11:26:55+00:00","breadcrumb":{"@id":"https:\/\/tetrafyllo.com\/es\/product\/rixi\/#breadcrumb"},"inLanguage":"es","potentialAction":[{"@type":"ReadAction","target":["https:\/\/tetrafyllo.com\/es\/product\/rixi\/"]}]},{"@type":"ImageObject","inLanguage":"es","@id":"https:\/\/tetrafyllo.com\/es\/product\/rixi\/#primaryimage","url":"https:\/\/tetrafyllo.com\/wp-content\/uploads\/2026\/04\/IMG_7433-\u03b1\u03bd\u03c4\u03af\u03b3\u03c1\u03b1\u03c6\u03bf.heic","contentUrl":"https:\/\/tetrafyllo.com\/wp-content\/uploads\/2026\/04\/IMG_7433-\u03b1\u03bd\u03c4\u03af\u03b3\u03c1\u03b1\u03c6\u03bf.heic"},{"@type":"BreadcrumbList","@id":"https:\/\/tetrafyllo.com\/es\/product\/rixi\/#breadcrumb","itemListElement":[{"@type":"ListItem","position":1,"name":"\u0391\u03c1\u03c7\u03b9\u03ba\u03ae","item":"https:\/\/tetrafyllo.com\/es\/"},{"@type":"ListItem","position":2,"name":"\u039a\u03b1\u03c4\u03ac\u03c3\u03c4\u03b7\u03bc\u03b1","item":"https:\/\/tetrafyllo.com\/%ce%ba%ce%b1%cf%84%ce%ac%cf%83%cf%84%ce%b7%ce%bc%ce%b1\/"},{"@type":"ListItem","position":3,"name":"Rixi"}]},{"@type":"WebSite","@id":"https:\/\/tetrafyllo.com\/es\/#website","url":"https:\/\/tetrafyllo.com\/es\/","name":"Tetrafyllo","description":"Jewelry","publisher":{"@id":"https:\/\/tetrafyllo.com\/es\/#organization"},"potentialAction":[{"@type":"SearchAction","target":{"@type":"EntryPoint","urlTemplate":"https:\/\/tetrafyllo.com\/es\/?s={search_term_string}"},"query-input":{"@type":"PropertyValueSpecification","valueRequired":true,"valueName":"search_term_string"}}],"inLanguage":"es"},{"@type":"Organization","@id":"https:\/\/tetrafyllo.com\/es\/#organization","name":"Tetrafyllo","url":"https:\/\/tetrafyllo.com\/es\/","logo":{"@type":"ImageObject","inLanguage":"es","@id":"https:\/\/tetrafyllo.com\/es\/#\/schema\/logo\/image\/","url":"https:\/\/tetrafyllo.com\/wp-content\/uploads\/2025\/08\/Photoroom_20250826_123537-e1756201068266.png","contentUrl":"https:\/\/tetrafyllo.com\/wp-content\/uploads\/2025\/08\/Photoroom_20250826_123537-e1756201068266.png","width":940,"height":299,"caption":"Tetrafyllo"},"image":{"@id":"https:\/\/tetrafyllo.com\/es\/#\/schema\/logo\/image\/"}}]}},"_links":{"self":[{"href":"https:\/\/tetrafyllo.com\/es\/wp-json\/wp\/v2\/product\/6498","targetHints":{"allow":["GET"]}}],"collection":[{"href":"https:\/\/tetrafyllo.com\/es\/wp-json\/wp\/v2\/product"}],"about":[{"href":"https:\/\/tetrafyllo.com\/es\/wp-json\/wp\/v2\/types\/product"}],"replies":[{"embeddable":true,"href":"https:\/\/tetrafyllo.com\/es\/wp-json\/wp\/v2\/comments?post=6498"}],"wp:featuredmedia":[{"embeddable":true,"href":"https:\/\/tetrafyllo.com\/es\/wp-json\/wp\/v2\/media\/6771"}],"wp:attachment":[{"href":"https:\/\/tetrafyllo.com\/es\/wp-json\/wp\/v2\/media?parent=6498"}],"wp:term":[{"taxonomy":"product_brand","embeddable":true,"href":"https:\/\/tetrafyllo.com\/es\/wp-json\/wp\/v2\/product_brand?post=6498"},{"taxonomy":"product_cat","embeddable":true,"href":"https:\/\/tetrafyllo.com\/es\/wp-json\/wp\/v2\/product_cat?post=6498"},{"taxonomy":"product_tag","embeddable":true,"href":"https:\/\/tetrafyllo.com\/es\/wp-json\/wp\/v2\/product_tag?post=6498"}],"curies":[{"name":"wp","href":"https:\/\/api.w.org\/{rel}","templated":true}]}}