{"id":7071,"date":"2026-04-30T11:48:50","date_gmt":"2026-04-30T09:48:50","guid":{"rendered":"https:\/\/tetrafyllo.com\/?post_type=product&#038;p=7071"},"modified":"2026-04-30T11:48:50","modified_gmt":"2026-04-30T09:48:50","slug":"piedras","status":"publish","type":"product","link":"https:\/\/tetrafyllo.com\/es\/product\/piedras\/","title":{"rendered":"Piedras"},"content":{"rendered":"","protected":false},"excerpt":{"rendered":"<p class=\"ds-markdown-paragraph\">Material: plata 925 ba\u00f1ada en oro<br \/>\nLongitud de cadena: 40cm + 5cm extencion<\/p>\n<p>&nbsp;<\/p>\n<p class=\"ds-markdown-paragraph\">+Las fotograf\u00edas no han sido sometidas a ning\u00fan tipo de edici\u00f3n. Var\u00edan seg\u00fan la iluminaci\u00f3n natural del momento.<\/p>\n","protected":false},"featured_media":7066,"comment_status":"open","ping_status":"closed","template":"","meta":{"site-sidebar-layout":"default","site-content-layout":"","ast-site-content-layout":"default","site-content-style":"default","site-sidebar-style":"default","ast-global-header-display":"","ast-banner-title-visibility":"","ast-main-header-display":"","ast-hfb-above-header-display":"","ast-hfb-below-header-display":"","ast-hfb-mobile-header-display":"","site-post-title":"","ast-breadcrumbs-content":"","ast-featured-img":"","footer-sml-layout":"","ast-disable-related-posts":"","theme-transparent-header-meta":"default","adv-header-id-meta":"","stick-header-meta":"","header-above-stick-meta":"","header-main-stick-meta":"","header-below-stick-meta":"","astra-migrate-meta-layouts":"set","ast-page-background-enabled":"default","ast-page-background-meta":{"desktop":{"background-color":"var(--ast-global-color-4)","background-image":"","background-repeat":"repeat","background-position":"center center","background-size":"auto","background-attachment":"scroll","background-type":"","background-media":"","overlay-type":"","overlay-color":"","overlay-opacity":"","overlay-gradient":""},"tablet":{"background-color":"","background-image":"","background-repeat":"repeat","background-position":"center center","background-size":"auto","background-attachment":"scroll","background-type":"","background-media":"","overlay-type":"","overlay-color":"","overlay-opacity":"","overlay-gradient":""},"mobile":{"background-color":"","background-image":"","background-repeat":"repeat","background-position":"center center","background-size":"auto","background-attachment":"scroll","background-type":"","background-media":"","overlay-type":"","overlay-color":"","overlay-opacity":"","overlay-gradient":""}},"ast-content-background-meta":{"desktop":{"background-color":"var(--ast-global-color-5)","background-image":"","background-repeat":"repeat","background-position":"center center","background-size":"auto","background-attachment":"scroll","background-type":"","background-media":"","overlay-type":"","overlay-color":"","overlay-opacity":"","overlay-gradient":""},"tablet":{"background-color":"var(--ast-global-color-5)","background-image":"","background-repeat":"repeat","background-position":"center center","background-size":"auto","background-attachment":"scroll","background-type":"","background-media":"","overlay-type":"","overlay-color":"","overlay-opacity":"","overlay-gradient":""},"mobile":{"background-color":"var(--ast-global-color-5)","background-image":"","background-repeat":"repeat","background-position":"center center","background-size":"auto","background-attachment":"scroll","background-type":"","background-media":"","overlay-type":"","overlay-color":"","overlay-opacity":"","overlay-gradient":""}}},"product_brand":[],"product_cat":[303],"product_tag":[322,364],"class_list":{"0":"post-7071","1":"product","2":"type-product","3":"status-publish","4":"has-post-thumbnail","6":"product_cat-collares","7":"product_tag-collar","8":"product_tag-plata-925","9":"desktop-align-left","10":"tablet-align-left","11":"mobile-align-left","13":"first","14":"instock","15":"shipping-taxable","16":"purchasable","17":"product-type-simple"},"yoast_head":"<!-- This site is optimized with the Yoast SEO plugin v27.6 - https:\/\/yoast.com\/product\/yoast-seo-wordpress\/ -->\n<title>Piedras - Tetrafyllo<\/title>\n<meta name=\"robots\" content=\"index, follow, max-snippet:-1, max-image-preview:large, max-video-preview:-1\" \/>\n<link rel=\"canonical\" href=\"https:\/\/tetrafyllo.com\/es\/product\/piedras\/\" \/>\n<meta property=\"og:locale\" content=\"es_ES\" \/>\n<meta property=\"og:type\" content=\"article\" \/>\n<meta property=\"og:title\" content=\"Piedras - Tetrafyllo\" \/>\n<meta property=\"og:description\" content=\"Material: plata 925 ba\u00f1ada en oro Longitud de cadena: 40cm + 5cm extencion &nbsp; +Las fotograf\u00edas no han sido sometidas a ning\u00fan tipo de edici\u00f3n. Var\u00edan seg\u00fan la iluminaci\u00f3n natural del momento.\" \/>\n<meta property=\"og:url\" content=\"https:\/\/tetrafyllo.com\/es\/product\/piedras\/\" \/>\n<meta property=\"og:site_name\" content=\"Tetrafyllo\" \/>\n<meta name=\"twitter:card\" content=\"summary_large_image\" \/>\n<meta name=\"twitter:label1\" content=\"Tiempo de lectura\" \/>\n\t<meta name=\"twitter:data1\" content=\"1 minuto\" \/>\n<script type=\"application\/ld+json\" class=\"yoast-schema-graph\">{\"@context\":\"https:\\\/\\\/schema.org\",\"@graph\":[{\"@type\":\"WebPage\",\"@id\":\"https:\\\/\\\/tetrafyllo.com\\\/es\\\/product\\\/piedras\\\/\",\"url\":\"https:\\\/\\\/tetrafyllo.com\\\/es\\\/product\\\/piedras\\\/\",\"name\":\"Piedras - Tetrafyllo\",\"isPartOf\":{\"@id\":\"https:\\\/\\\/tetrafyllo.com\\\/es\\\/#website\"},\"primaryImageOfPage\":{\"@id\":\"https:\\\/\\\/tetrafyllo.com\\\/es\\\/product\\\/piedras\\\/#primaryimage\"},\"image\":{\"@id\":\"https:\\\/\\\/tetrafyllo.com\\\/es\\\/product\\\/piedras\\\/#primaryimage\"},\"thumbnailUrl\":\"https:\\\/\\\/tetrafyllo.com\\\/wp-content\\\/uploads\\\/2026\\\/04\\\/IMG_7505-2-1.heic\",\"datePublished\":\"2026-04-30T09:48:50+00:00\",\"breadcrumb\":{\"@id\":\"https:\\\/\\\/tetrafyllo.com\\\/es\\\/product\\\/piedras\\\/#breadcrumb\"},\"inLanguage\":\"es\",\"potentialAction\":[{\"@type\":\"ReadAction\",\"target\":[\"https:\\\/\\\/tetrafyllo.com\\\/es\\\/product\\\/piedras\\\/\"]}]},{\"@type\":\"ImageObject\",\"inLanguage\":\"es\",\"@id\":\"https:\\\/\\\/tetrafyllo.com\\\/es\\\/product\\\/piedras\\\/#primaryimage\",\"url\":\"https:\\\/\\\/tetrafyllo.com\\\/wp-content\\\/uploads\\\/2026\\\/04\\\/IMG_7505-2-1.heic\",\"contentUrl\":\"https:\\\/\\\/tetrafyllo.com\\\/wp-content\\\/uploads\\\/2026\\\/04\\\/IMG_7505-2-1.heic\"},{\"@type\":\"BreadcrumbList\",\"@id\":\"https:\\\/\\\/tetrafyllo.com\\\/es\\\/product\\\/piedras\\\/#breadcrumb\",\"itemListElement\":[{\"@type\":\"ListItem\",\"position\":1,\"name\":\"\u0391\u03c1\u03c7\u03b9\u03ba\u03ae\",\"item\":\"https:\\\/\\\/tetrafyllo.com\\\/es\\\/\"},{\"@type\":\"ListItem\",\"position\":2,\"name\":\"\u039a\u03b1\u03c4\u03ac\u03c3\u03c4\u03b7\u03bc\u03b1\",\"item\":\"https:\\\/\\\/tetrafyllo.com\\\/%ce%ba%ce%b1%cf%84%ce%ac%cf%83%cf%84%ce%b7%ce%bc%ce%b1\\\/\"},{\"@type\":\"ListItem\",\"position\":3,\"name\":\"Piedras\"}]},{\"@type\":\"WebSite\",\"@id\":\"https:\\\/\\\/tetrafyllo.com\\\/es\\\/#website\",\"url\":\"https:\\\/\\\/tetrafyllo.com\\\/es\\\/\",\"name\":\"Tetrafyllo\",\"description\":\"Jewelry\",\"publisher\":{\"@id\":\"https:\\\/\\\/tetrafyllo.com\\\/es\\\/#organization\"},\"potentialAction\":[{\"@type\":\"SearchAction\",\"target\":{\"@type\":\"EntryPoint\",\"urlTemplate\":\"https:\\\/\\\/tetrafyllo.com\\\/es\\\/?s={search_term_string}\"},\"query-input\":{\"@type\":\"PropertyValueSpecification\",\"valueRequired\":true,\"valueName\":\"search_term_string\"}}],\"inLanguage\":\"es\"},{\"@type\":\"Organization\",\"@id\":\"https:\\\/\\\/tetrafyllo.com\\\/es\\\/#organization\",\"name\":\"Tetrafyllo\",\"url\":\"https:\\\/\\\/tetrafyllo.com\\\/es\\\/\",\"logo\":{\"@type\":\"ImageObject\",\"inLanguage\":\"es\",\"@id\":\"https:\\\/\\\/tetrafyllo.com\\\/es\\\/#\\\/schema\\\/logo\\\/image\\\/\",\"url\":\"https:\\\/\\\/tetrafyllo.com\\\/wp-content\\\/uploads\\\/2025\\\/08\\\/Photoroom_20250826_123537-e1756201068266.png\",\"contentUrl\":\"https:\\\/\\\/tetrafyllo.com\\\/wp-content\\\/uploads\\\/2025\\\/08\\\/Photoroom_20250826_123537-e1756201068266.png\",\"width\":940,\"height\":299,\"caption\":\"Tetrafyllo\"},\"image\":{\"@id\":\"https:\\\/\\\/tetrafyllo.com\\\/es\\\/#\\\/schema\\\/logo\\\/image\\\/\"}}]}<\/script>\n<!-- \/ Yoast SEO plugin. -->","yoast_head_json":{"title":"Piedras - Tetrafyllo","robots":{"index":"index","follow":"follow","max-snippet":"max-snippet:-1","max-image-preview":"max-image-preview:large","max-video-preview":"max-video-preview:-1"},"canonical":"https:\/\/tetrafyllo.com\/es\/product\/piedras\/","og_locale":"es_ES","og_type":"article","og_title":"Piedras - Tetrafyllo","og_description":"Material: plata 925 ba\u00f1ada en oro Longitud de cadena: 40cm + 5cm extencion &nbsp; +Las fotograf\u00edas no han sido sometidas a ning\u00fan tipo de edici\u00f3n. Var\u00edan seg\u00fan la iluminaci\u00f3n natural del momento.","og_url":"https:\/\/tetrafyllo.com\/es\/product\/piedras\/","og_site_name":"Tetrafyllo","twitter_card":"summary_large_image","twitter_misc":{"Tiempo de lectura":"1 minuto"},"schema":{"@context":"https:\/\/schema.org","@graph":[{"@type":"WebPage","@id":"https:\/\/tetrafyllo.com\/es\/product\/piedras\/","url":"https:\/\/tetrafyllo.com\/es\/product\/piedras\/","name":"Piedras - Tetrafyllo","isPartOf":{"@id":"https:\/\/tetrafyllo.com\/es\/#website"},"primaryImageOfPage":{"@id":"https:\/\/tetrafyllo.com\/es\/product\/piedras\/#primaryimage"},"image":{"@id":"https:\/\/tetrafyllo.com\/es\/product\/piedras\/#primaryimage"},"thumbnailUrl":"https:\/\/tetrafyllo.com\/wp-content\/uploads\/2026\/04\/IMG_7505-2-1.heic","datePublished":"2026-04-30T09:48:50+00:00","breadcrumb":{"@id":"https:\/\/tetrafyllo.com\/es\/product\/piedras\/#breadcrumb"},"inLanguage":"es","potentialAction":[{"@type":"ReadAction","target":["https:\/\/tetrafyllo.com\/es\/product\/piedras\/"]}]},{"@type":"ImageObject","inLanguage":"es","@id":"https:\/\/tetrafyllo.com\/es\/product\/piedras\/#primaryimage","url":"https:\/\/tetrafyllo.com\/wp-content\/uploads\/2026\/04\/IMG_7505-2-1.heic","contentUrl":"https:\/\/tetrafyllo.com\/wp-content\/uploads\/2026\/04\/IMG_7505-2-1.heic"},{"@type":"BreadcrumbList","@id":"https:\/\/tetrafyllo.com\/es\/product\/piedras\/#breadcrumb","itemListElement":[{"@type":"ListItem","position":1,"name":"\u0391\u03c1\u03c7\u03b9\u03ba\u03ae","item":"https:\/\/tetrafyllo.com\/es\/"},{"@type":"ListItem","position":2,"name":"\u039a\u03b1\u03c4\u03ac\u03c3\u03c4\u03b7\u03bc\u03b1","item":"https:\/\/tetrafyllo.com\/%ce%ba%ce%b1%cf%84%ce%ac%cf%83%cf%84%ce%b7%ce%bc%ce%b1\/"},{"@type":"ListItem","position":3,"name":"Piedras"}]},{"@type":"WebSite","@id":"https:\/\/tetrafyllo.com\/es\/#website","url":"https:\/\/tetrafyllo.com\/es\/","name":"Tetrafyllo","description":"Jewelry","publisher":{"@id":"https:\/\/tetrafyllo.com\/es\/#organization"},"potentialAction":[{"@type":"SearchAction","target":{"@type":"EntryPoint","urlTemplate":"https:\/\/tetrafyllo.com\/es\/?s={search_term_string}"},"query-input":{"@type":"PropertyValueSpecification","valueRequired":true,"valueName":"search_term_string"}}],"inLanguage":"es"},{"@type":"Organization","@id":"https:\/\/tetrafyllo.com\/es\/#organization","name":"Tetrafyllo","url":"https:\/\/tetrafyllo.com\/es\/","logo":{"@type":"ImageObject","inLanguage":"es","@id":"https:\/\/tetrafyllo.com\/es\/#\/schema\/logo\/image\/","url":"https:\/\/tetrafyllo.com\/wp-content\/uploads\/2025\/08\/Photoroom_20250826_123537-e1756201068266.png","contentUrl":"https:\/\/tetrafyllo.com\/wp-content\/uploads\/2025\/08\/Photoroom_20250826_123537-e1756201068266.png","width":940,"height":299,"caption":"Tetrafyllo"},"image":{"@id":"https:\/\/tetrafyllo.com\/es\/#\/schema\/logo\/image\/"}}]}},"_links":{"self":[{"href":"https:\/\/tetrafyllo.com\/es\/wp-json\/wp\/v2\/product\/7071","targetHints":{"allow":["GET"]}}],"collection":[{"href":"https:\/\/tetrafyllo.com\/es\/wp-json\/wp\/v2\/product"}],"about":[{"href":"https:\/\/tetrafyllo.com\/es\/wp-json\/wp\/v2\/types\/product"}],"replies":[{"embeddable":true,"href":"https:\/\/tetrafyllo.com\/es\/wp-json\/wp\/v2\/comments?post=7071"}],"wp:featuredmedia":[{"embeddable":true,"href":"https:\/\/tetrafyllo.com\/es\/wp-json\/wp\/v2\/media\/7066"}],"wp:attachment":[{"href":"https:\/\/tetrafyllo.com\/es\/wp-json\/wp\/v2\/media?parent=7071"}],"wp:term":[{"taxonomy":"product_brand","embeddable":true,"href":"https:\/\/tetrafyllo.com\/es\/wp-json\/wp\/v2\/product_brand?post=7071"},{"taxonomy":"product_cat","embeddable":true,"href":"https:\/\/tetrafyllo.com\/es\/wp-json\/wp\/v2\/product_cat?post=7071"},{"taxonomy":"product_tag","embeddable":true,"href":"https:\/\/tetrafyllo.com\/es\/wp-json\/wp\/v2\/product_tag?post=7071"}],"curies":[{"name":"wp","href":"https:\/\/api.w.org\/{rel}","templated":true}]}}